{"id":11480,"date":"2021-02-23T11:04:01","date_gmt":"2021-02-23T14:04:01","guid":{"rendered":"https:\/\/mcities.com.br\/curitiba\/?page_id=11480"},"modified":"2021-03-26T19:15:03","modified_gmt":"2021-03-26T22:15:03","slug":"anuncie","status":"publish","type":"page","link":"https:\/\/mcities.com.br\/curitiba\/anuncie\/","title":{"rendered":"Anuncie"},"content":{"rendered":"\t\t<div data-elementor-type=\"wp-page\" data-elementor-id=\"11480\" class=\"elementor elementor-11480\">\n\t\t\t\t\t\t\t\t\t<section class=\"elementor-section elementor-top-section elementor-element elementor-element-fb58a54 elementor-section-boxed elementor-section-height-default elementor-section-height-default\" data-id=\"fb58a54\" data-element_type=\"section\">\n\t\t\t\t\t\t<div class=\"elementor-container elementor-column-gap-default\">\n\t\t\t\t\t<div class=\"elementor-column elementor-col-100 elementor-top-column elementor-element elementor-element-ceec1e0\" data-id=\"ceec1e0\" data-element_type=\"column\">\n\t\t\t<div class=\"elementor-widget-wrap elementor-element-populated\">\n\t\t\t\t\t\t\t\t<div class=\"elementor-element elementor-element-82c6536 elementor-widget elementor-widget-html\" data-id=\"82c6536\" data-element_type=\"widget\" data-widget_type=\"html.default\">\n\t\t\t\t<div class=\"elementor-widget-container\">\n\t\t\t<!DOCTYPE html>\n<html lang=\"pt-BR\">\n  <head>\n    <meta charset=\"UTF-8\" \/>\n    <meta http-equiv=\"X-UA-Compatible\" content=\"IE=edge\" \/>\n    <meta name=\"viewport\" content=\"width=device-width, initial-scale=1.0\" \/>\n    <title>mcities<\/title>\n    <meta\n      name=\"description\"\n      content=\"Somos um sistema com m\u00eddias exclusivas. Estamos on-line & on the road para deixar a cidade mais pr\u00f3xima e a tecnologia mais humana.\"\n    \/>\n    <meta property=\"og:locale\" content=\"pt_BR\" \/>\n    <meta property=\"og:type\" content=\"website\" \/>\n    <meta\n      property=\"og:title\"\n      content=\"Como vamos trazer mais engajamento e inova\u00e7\u00e3o para a sua marca?\"\n    \/>\n    <meta\n      property=\"og:description\"\n      content=\"Somos uma alternativa real num ambiente flex\u00edvel com m\u00eddias exclusivas. Estamos on-line & on the road para deixar a cidade mais pr\u00f3xima e a tecnologia mais humana.\"\n    \/>\n    <meta property=\"og:site_name\" content=\"mcities\" \/>\n\n    <link rel=\"stylesheet\" href=\"http:\/\/mcities.com.br\/wp-content\/themes\/mcities\/assets\/css\/index.css?time=234324\" \/>\n  <\/head>\n  <body class=\"mcities\">\n    <a\n      href=\"https:\/\/api.whatsapp.com\/send?phone=+5541996119930\"\n      class=\"float-action\"\n      target=\"_blank\"\n    >\n      <img decoding=\"async\"\n        src=\"http:\/\/mcities.com.br\/wp-content\/themes\/mcities\/assets\/images\/wpp.svg\"\n        alt=\"\"\n        class=\"float-action__whatsapp\"\n      \/>\n      <span class=\"float-action__text\">Fale conosco pelo WhatsApp!<\/span>\n      <img decoding=\"async\"\n        src=\"http:\/\/mcities.com.br\/wp-content\/themes\/mcities\/assets\/images\/logo-mcities-2.svg\"\n        alt=\"\"\n        class=\"float-action__logo\"\n      \/>\n    <\/a>\n    <main>\n      <section class=\"init\">\n        <div class=\"container\">\n          <a class=\"init__logo\">\n            <img decoding=\"async\" src=\"http:\/\/mcities.com.br\/wp-content\/themes\/mcities\/assets\/images\/logo-mcities-1.svg\" alt=\"\" \/>\n          <\/a>\n          <h1 class=\"init__title\">\n            como vamos trazer mais engajamento e inova\u00e7\u00e3o para a sua marca?\n          <\/h1>\n          <p class=\"init__description\">\n            Somos uma alternativa real num ambiente flex\u00edvel com m\u00eddias\n            exclusivas. Estamos on-line & on the road para deixar a cidade mais\n            pr\u00f3xima e a tecnologia mais humana.\n          <\/p>\n          <img decoding=\"async\" class=\"init__detail\" src=\"http:\/\/mcities.com.br\/wp-content\/themes\/mcities\/assets\/images\/na-cidade.svg\" \/>\n        <\/div>\n      <\/section>\n      <section class=\"interactive-streets\">\n        <div class=\"container\">\n          <div class=\"interactive-streets__block main\">\n            <span class=\"interactive-streets__block--label\"\n              >RUAS INTERATIVAS<\/span\n            >\n            <p class=\"interactive-streets__block--text\">\n              Os principais corredores comerciais da cidade ganham vida e chamam\n              pessoas para visitar e interagir com experi\u00eancias, ofertas e muito\n              mais. Em casa, ou nas ruas, QRCodes, notifica\u00e7\u00f5es, criam um canal\n              de conex\u00e3o e est\u00edmulos imediatos, para gerar fluxo e neg\u00f3cios.\n            <\/p>\n            <div class=\"interactive-streets__block--list\">\n              <div class=\"interactive-streets__block--item\">\n                <img decoding=\"async\" src=\"http:\/\/mcities.com.br\/wp-content\/themes\/mcities\/assets\/images\/icone-conteudo.svg\" alt=\"\" \/>\n                <span>Conte\u00fado<\/span>\n              <\/div>\n              <div class=\"interactive-streets__block--item\">\n                <img decoding=\"async\" src=\"http:\/\/mcities.com.br\/wp-content\/themes\/mcities\/assets\/images\/icone-notificacoes.svg\" alt=\"\" \/>\n                <span>Notifica\u00e7\u00f5es<\/span>\n              <\/div>\n              <div class=\"interactive-streets__block--item\">\n                <img decoding=\"async\" src=\"http:\/\/mcities.com.br\/wp-content\/themes\/mcities\/assets\/images\/icone-geolocalizacao.svg\" alt=\"\" \/>\n                <span>Geolocaliza\u00e7\u00e3o<\/span>\n              <\/div>\n              <div class=\"interactive-streets__block--item\">\n                <img decoding=\"async\" src=\"http:\/\/mcities.com.br\/wp-content\/themes\/mcities\/assets\/images\/icone-qr-code.svg\" alt=\"\" \/>\n                <span>QR Code<\/span>\n              <\/div>\n            <\/div>\n          <\/div>\n          <div class=\"interactive-streets__block\">\n            <span class=\"interactive-streets__block--label\"\n              >Interven\u00e7\u00e3o URBANA<\/span\n            >\n            <p class=\"interactive-streets__block--text\">\n              Sinaliza\u00e7\u00e3o urbana, proje\u00e7\u00e3o em empenas, eventos e atividades\n              imersivas, para criar conex\u00e3o imediata entre pessoas, cidades,\n              produtos e servi\u00e7os.\n            <\/p>\n          <\/div>\n          <div class=\"interactive-streets__block\">\n            <span class=\"interactive-streets__block--label\"\n              >Rotas virtuais e explora 3D<\/span\n            >\n            <p class=\"interactive-streets__block--text\">\n              Cidade como um museu ao c\u00e9us aberto. Tecnologia e inova\u00e7\u00e3o para\n              revolucionar a forma de fazer neg\u00f3cios.\n            <\/p>\n          <\/div>\n        <\/div>\n      <\/section>\n      <section class=\"weareonline\">\n        <div class=\"container\">\n          <span class=\"weareonline__label\">NA SUA CASA, SOMOS ON-LINE<\/span>\n          <p class=\"weareonline__text\">\n            Experi\u00eancia em todos os pontos de contato. Acreditamos que a cidade\n            \u00e9 uma grande plataforma de di\u00e1logo entre pessoas, marcas e lugares e\n            n\u00f3s estamos aqui para conectar tudo isso.\n          <\/p>\n          <div class=\"weareonline__list\">\n            <div class=\"weareonline__list--item\">\n              <span\n                >Com quem estamos<br \/>\n                falando?<\/span\n              >\n              <img decoding=\"async\" src=\"http:\/\/mcities.com.br\/wp-content\/themes\/mcities\/assets\/images\/84-Curitiba-16-Regiao.svg\" alt=\"\" \/>\n            <\/div>\n            <div class=\"weareonline__list--item\">\n              <span\n                >Potencial da<br \/>\n                nossa audi\u00eancia<\/span\n              >\n              <img decoding=\"async\" src=\"http:\/\/mcities.com.br\/wp-content\/themes\/mcities\/assets\/images\/90-porcento.svg\" alt=\"\" \/>\n            <\/div>\n            <div class=\"weareonline__list--item\">\n              <span\n                >At\u00e9 onde<br \/>\n                j\u00e1 chegamos?<\/span\n              >\n              <img decoding=\"async\" src=\"http:\/\/mcities.com.br\/wp-content\/themes\/mcities\/assets\/images\/3-milhoes.svg\" alt=\"\" \/>\n            <\/div>\n          <\/div>\n        <\/div>\n      <\/section>\n      <section class=\"about\">\n        <div class=\"container\">\n          <div class=\"about__item\">\n            <div class=\"about__item--content\">\n              <h3>sem fronteiras<\/h3>\n              <p>Para expandir a sua rela\u00e7\u00e3o com a cidade.<\/p>\n            <\/div>\n            <div class=\"about__item--img\">\n              <img decoding=\"async\" src=\"http:\/\/mcities.com.br\/wp-content\/themes\/mcities\/assets\/images\/ilustra-sem-fronteiras-01.svg\" alt=\"\" \/>\n            <\/div>\n          <\/div>\n          <div class=\"about__item\">\n            <div class=\"about__item--img\">\n              <img decoding=\"async\" src=\"http:\/\/mcities.com.br\/wp-content\/themes\/mcities\/assets\/images\/ilustra-engajamento-01.svg\" alt=\"\" \/>\n            <\/div>\n            <div class=\"about__item--content\">\n              <h3>mais intera\u00e7\u00e3o e engajamento<\/h3>\n              <p>\n                O que conecta voc\u00ea \u00e0s pessoas? Estamos aqui para aproximar\n                interesses, conversas e objetivos comuns.\n              <\/p>\n            <\/div>\n          <\/div>\n          <div class=\"about__item\">\n            <div class=\"about__item--content\">\n              <h3>mais valor e neg\u00f3cios<\/h3>\n              <p>Foco na economia local \u00e9 mais recurso para quem est\u00e1 aqui.<\/p>\n            <\/div>\n            <div class=\"about__item--img\">\n              <img decoding=\"async\" src=\"http:\/\/mcities.com.br\/wp-content\/themes\/mcities\/assets\/images\/ilustra-crescimento-01.svg\" alt=\"\" \/>\n            <\/div>\n          <\/div>\n        <\/div>\n      <\/section>\n      <section class=\"contact\">\n        <div class=\"container\">\n          <div class=\"contact__block\">\n            <div class=\"contact__title\">\n              Est\u00e1 pronto para se conectar com o futuro?\n            <\/div>\n            <a href=\"mailto:contato@mcities.com.br\" class=\"contact__mail\"\n              >contato@mcities.com.br<\/a\n            >\n            <a\n              href=\"https:\/\/api.whatsapp.com\/send?phone=+5541996119930\"\n              class=\"contact__whatsapp\"\n              target=\"_blank\"\n            >\n              <img decoding=\"async\" src=\"http:\/\/mcities.com.br\/wp-content\/themes\/mcities\/assets\/images\/wpp.svg\" alt=\"\" \/>\n              <span\n                >Fale com a gente<br \/>\n                pelo WhatsApp!<\/span\n              >\n            <\/a>\n          <\/div>\n        <\/div>\n      <\/section>\n      <section class=\"testimonials\">\n        <div class=\"container\">\n          <span class=\"testimonials__label\"\n            >OLHA O QUE EST\u00c3O FALANDO SOBRE A GENTE!<\/span\n          >\n          <ul class=\"testimonials__list\">\n            <li class=\"testimonials__item\">\n              <img decoding=\"async\"\n                src=\"http:\/\/mcities.com.br\/wp-content\/themes\/mcities\/assets\/images\/Valeria.png\"\n                alt=\"\"\n                class=\"testimonials__item--img\"\n              \/>\n              <div class=\"testimonials__item--name\">Val\u00e9ria Lopes<\/div>\n              <div class=\"testimonials__item--office\">\n                Supervisora de Marketing Unimed Curitiba\n              <\/div>\n              <p class=\"testimonials__item--text\">\n                Unimed Curitiba tem o compromisso com a sa\u00fade e bem estar das\n                pessoas. O conceito MCities de Cidade como Plataforma, amplia os\n                horizontes e formas de como podemos criar valor na rela\u00e7\u00e3o com a\n                comunidade.\n              <\/p>\n            <\/li>\n            <li class=\"testimonials__item\">\n              <img decoding=\"async\"\n                src=\"http:\/\/mcities.com.br\/wp-content\/themes\/mcities\/assets\/images\/Cris.png\"\n                alt=\"\"\n                class=\"testimonials__item--img\"\n              \/>\n              <div class=\"testimonials__item--name\">Cris Alessi<\/div>\n              <div class=\"testimonials__item--office\">\n                Presidente da Ag\u00eancia Curitiba\n              <\/div>\n              <p class=\"testimonials__item--text\">\n                MCities \u00e9 pioneiro no conceito de Cidades Interativas. A id\u00e9ia\n                de humanizar a tecnologia para ampliar a rela\u00e7\u00e3o das pessoas com\n                a nossa cidade, tem uma absoluta conex\u00e3o com nossas disposi\u00e7\u00f5es\n                de fazer de Curitiba uma refer\u00eancia de inova\u00e7\u00e3o e\n                acessibilidade.\n              <\/p>\n            <\/li>\n            <li class=\"testimonials__item\">\n              <img decoding=\"async\"\n                src=\"http:\/\/mcities.com.br\/wp-content\/themes\/mcities\/assets\/images\/Paulo.png\"\n                alt=\"\"\n                class=\"testimonials__item--img\"\n              \/>\n              <div class=\"testimonials__item--name\">Paulo Hansted<\/div>\n              <div class=\"testimonials__item--office\">Diretor MCities<\/div>\n              <p class=\"testimonials__item--text\">\n                Cidades Interativas \u00e9 sobre como usamos a tecnologia e a\n                inova\u00e7\u00e3o para tonar as cidades mais democr\u00e1ticas e humanas.\n              <\/p>\n            <\/li>\n          <\/ul>\n        <\/div>\n      <\/section>\n    <\/main>\n  <\/body>\n<\/html>\n\t\t<\/div>\n\t\t\t\t<\/div>\n\t\t\t\t\t<\/div>\n\t\t<\/div>\n\t\t\t\t\t\t\t<\/div>\n\t\t<\/section>\n\t\t\t\t\t\t\t<\/div>\n\t\t","protected":false},"excerpt":{"rendered":"<p>mcities Fale conosco pelo WhatsApp! como vamos trazer mais engajamento e inova\u00e7\u00e3o para a sua marca? Somos uma alternativa real num ambiente flex\u00edvel com m\u00eddias exclusivas. Estamos on-line &#038; on the road para deixar a cidade mais pr\u00f3xima e a tecnologia mais humana. RUAS INTERATIVAS Os principais corredores comerciais da cidade ganham vida e chamam [&hellip;]<\/p>\n","protected":false},"author":224,"featured_media":0,"parent":0,"menu_order":0,"comment_status":"closed","ping_status":"closed","template":"elementor_header_footer","meta":{"footnotes":""},"yoast_head":"<!-- This site is optimized with the Yoast SEO plugin v21.9.1 - https:\/\/yoast.com\/wordpress\/plugins\/seo\/ -->\n<title>Anuncie | MCities Curitiba<\/title>\n<meta name=\"robots\" content=\"index, follow, max-snippet:-1, max-image-preview:large, max-video-preview:-1\" \/>\n<link rel=\"canonical\" href=\"https:\/\/mcities.com.br\/curitiba\/anuncie\/\" \/>\n<meta property=\"og:locale\" content=\"pt_BR\" \/>\n<meta property=\"og:type\" content=\"article\" \/>\n<meta property=\"og:title\" content=\"Anuncie | MCities Curitiba\" \/>\n<meta property=\"og:description\" content=\"mcities Fale conosco pelo WhatsApp! como vamos trazer mais engajamento e inova\u00e7\u00e3o para a sua marca? Somos uma alternativa real num ambiente flex\u00edvel com m\u00eddias exclusivas. Estamos on-line &#038; on the road para deixar a cidade mais pr\u00f3xima e a tecnologia mais humana. RUAS INTERATIVAS Os principais corredores comerciais da cidade ganham vida e chamam [&hellip;]\" \/>\n<meta property=\"og:url\" content=\"https:\/\/mcities.com.br\/curitiba\/anuncie\/\" \/>\n<meta property=\"og:site_name\" content=\"MCities Curitiba\" \/>\n<meta property=\"article:modified_time\" content=\"2021-03-26T22:15:03+00:00\" \/>\n<meta property=\"og:image\" content=\"http:\/\/mcities.com.br\/wp-content\/themes\/mcities\/assets\/images\/logo-mcities-1.svg\" \/>\n<meta name=\"twitter:card\" content=\"summary_large_image\" \/>\n<meta name=\"twitter:label1\" content=\"Est. reading time\" \/>\n\t<meta name=\"twitter:data1\" content=\"6 minutos\" \/>\n<script type=\"application\/ld+json\" class=\"yoast-schema-graph\">{\"@context\":\"https:\/\/schema.org\",\"@graph\":[{\"@type\":\"WebPage\",\"@id\":\"https:\/\/mcities.com.br\/curitiba\/anuncie\/\",\"url\":\"https:\/\/mcities.com.br\/curitiba\/anuncie\/\",\"name\":\"Anuncie | MCities Curitiba\",\"isPartOf\":{\"@id\":\"https:\/\/mcities.com.br\/curitiba\/#website\"},\"datePublished\":\"2021-02-23T14:04:01+00:00\",\"dateModified\":\"2021-03-26T22:15:03+00:00\",\"breadcrumb\":{\"@id\":\"https:\/\/mcities.com.br\/curitiba\/anuncie\/#breadcrumb\"},\"inLanguage\":\"pt-BR\",\"potentialAction\":[{\"@type\":\"ReadAction\",\"target\":[\"https:\/\/mcities.com.br\/curitiba\/anuncie\/\"]}]},{\"@type\":\"BreadcrumbList\",\"@id\":\"https:\/\/mcities.com.br\/curitiba\/anuncie\/#breadcrumb\",\"itemListElement\":[{\"@type\":\"ListItem\",\"position\":1,\"name\":\"Home\",\"item\":\"https:\/\/mcities.com.br\/curitiba\/\"},{\"@type\":\"ListItem\",\"position\":2,\"name\":\"Anuncie\"}]},{\"@type\":\"WebSite\",\"@id\":\"https:\/\/mcities.com.br\/curitiba\/#website\",\"url\":\"https:\/\/mcities.com.br\/curitiba\/\",\"name\":\"MCities Curitiba\",\"description\":\"MCities \u00e9 um sistema que tem a disposic\u0327a\u0303o de dinamizar a integrac\u0327a\u0303o entre pessoas e cidades. Somos um sistema que oferece conte\u00fados de experi\u00eancias divertidas para voc\u00ea curtir e viver momentos incr\u00edveis, seja em casa ou nas ruas da cidade.\",\"publisher\":{\"@id\":\"https:\/\/mcities.com.br\/curitiba\/#organization\"},\"potentialAction\":[{\"@type\":\"SearchAction\",\"target\":{\"@type\":\"EntryPoint\",\"urlTemplate\":\"https:\/\/mcities.com.br\/curitiba\/?s={search_term_string}\"},\"query-input\":\"required name=search_term_string\"}],\"inLanguage\":\"pt-BR\"},{\"@type\":\"Organization\",\"@id\":\"https:\/\/mcities.com.br\/curitiba\/#organization\",\"name\":\"MCities\",\"url\":\"https:\/\/mcities.com.br\/curitiba\/\",\"logo\":{\"@type\":\"ImageObject\",\"inLanguage\":\"pt-BR\",\"@id\":\"https:\/\/mcities.com.br\/curitiba\/#\/schema\/logo\/image\/\",\"url\":\"https:\/\/mcities.com.br\/curitiba\/wp-content\/uploads\/sites\/3\/2017\/03\/mcities-color.png\",\"contentUrl\":\"https:\/\/mcities.com.br\/curitiba\/wp-content\/uploads\/sites\/3\/2017\/03\/mcities-color.png\",\"width\":248,\"height\":57,\"caption\":\"MCities\"},\"image\":{\"@id\":\"https:\/\/mcities.com.br\/curitiba\/#\/schema\/logo\/image\/\"}}]}<\/script>\n<!-- \/ Yoast SEO plugin. -->","yoast_head_json":{"title":"Anuncie | MCities Curitiba","robots":{"index":"index","follow":"follow","max-snippet":"max-snippet:-1","max-image-preview":"max-image-preview:large","max-video-preview":"max-video-preview:-1"},"canonical":"https:\/\/mcities.com.br\/curitiba\/anuncie\/","og_locale":"pt_BR","og_type":"article","og_title":"Anuncie | MCities Curitiba","og_description":"mcities Fale conosco pelo WhatsApp! como vamos trazer mais engajamento e inova\u00e7\u00e3o para a sua marca? Somos uma alternativa real num ambiente flex\u00edvel com m\u00eddias exclusivas. Estamos on-line &#038; on the road para deixar a cidade mais pr\u00f3xima e a tecnologia mais humana. RUAS INTERATIVAS Os principais corredores comerciais da cidade ganham vida e chamam [&hellip;]","og_url":"https:\/\/mcities.com.br\/curitiba\/anuncie\/","og_site_name":"MCities Curitiba","article_modified_time":"2021-03-26T22:15:03+00:00","og_image":[{"url":"http:\/\/mcities.com.br\/wp-content\/themes\/mcities\/assets\/images\/logo-mcities-1.svg"}],"twitter_card":"summary_large_image","twitter_misc":{"Est. reading time":"6 minutos"},"schema":{"@context":"https:\/\/schema.org","@graph":[{"@type":"WebPage","@id":"https:\/\/mcities.com.br\/curitiba\/anuncie\/","url":"https:\/\/mcities.com.br\/curitiba\/anuncie\/","name":"Anuncie | MCities Curitiba","isPartOf":{"@id":"https:\/\/mcities.com.br\/curitiba\/#website"},"datePublished":"2021-02-23T14:04:01+00:00","dateModified":"2021-03-26T22:15:03+00:00","breadcrumb":{"@id":"https:\/\/mcities.com.br\/curitiba\/anuncie\/#breadcrumb"},"inLanguage":"pt-BR","potentialAction":[{"@type":"ReadAction","target":["https:\/\/mcities.com.br\/curitiba\/anuncie\/"]}]},{"@type":"BreadcrumbList","@id":"https:\/\/mcities.com.br\/curitiba\/anuncie\/#breadcrumb","itemListElement":[{"@type":"ListItem","position":1,"name":"Home","item":"https:\/\/mcities.com.br\/curitiba\/"},{"@type":"ListItem","position":2,"name":"Anuncie"}]},{"@type":"WebSite","@id":"https:\/\/mcities.com.br\/curitiba\/#website","url":"https:\/\/mcities.com.br\/curitiba\/","name":"MCities Curitiba","description":"MCities \u00e9 um sistema que tem a disposic\u0327a\u0303o de dinamizar a integrac\u0327a\u0303o entre pessoas e cidades. Somos um sistema que oferece conte\u00fados de experi\u00eancias divertidas para voc\u00ea curtir e viver momentos incr\u00edveis, seja em casa ou nas ruas da cidade.","publisher":{"@id":"https:\/\/mcities.com.br\/curitiba\/#organization"},"potentialAction":[{"@type":"SearchAction","target":{"@type":"EntryPoint","urlTemplate":"https:\/\/mcities.com.br\/curitiba\/?s={search_term_string}"},"query-input":"required name=search_term_string"}],"inLanguage":"pt-BR"},{"@type":"Organization","@id":"https:\/\/mcities.com.br\/curitiba\/#organization","name":"MCities","url":"https:\/\/mcities.com.br\/curitiba\/","logo":{"@type":"ImageObject","inLanguage":"pt-BR","@id":"https:\/\/mcities.com.br\/curitiba\/#\/schema\/logo\/image\/","url":"https:\/\/mcities.com.br\/curitiba\/wp-content\/uploads\/sites\/3\/2017\/03\/mcities-color.png","contentUrl":"https:\/\/mcities.com.br\/curitiba\/wp-content\/uploads\/sites\/3\/2017\/03\/mcities-color.png","width":248,"height":57,"caption":"MCities"},"image":{"@id":"https:\/\/mcities.com.br\/curitiba\/#\/schema\/logo\/image\/"}}]}},"_links":{"self":[{"href":"https:\/\/mcities.com.br\/curitiba\/wp-json\/wp\/v2\/pages\/11480"}],"collection":[{"href":"https:\/\/mcities.com.br\/curitiba\/wp-json\/wp\/v2\/pages"}],"about":[{"href":"https:\/\/mcities.com.br\/curitiba\/wp-json\/wp\/v2\/types\/page"}],"author":[{"embeddable":true,"href":"https:\/\/mcities.com.br\/curitiba\/wp-json\/wp\/v2\/users\/224"}],"replies":[{"embeddable":true,"href":"https:\/\/mcities.com.br\/curitiba\/wp-json\/wp\/v2\/comments?post=11480"}],"version-history":[{"count":10,"href":"https:\/\/mcities.com.br\/curitiba\/wp-json\/wp\/v2\/pages\/11480\/revisions"}],"predecessor-version":[{"id":11787,"href":"https:\/\/mcities.com.br\/curitiba\/wp-json\/wp\/v2\/pages\/11480\/revisions\/11787"}],"wp:attachment":[{"href":"https:\/\/mcities.com.br\/curitiba\/wp-json\/wp\/v2\/media?parent=11480"}],"curies":[{"name":"wp","href":"https:\/\/api.w.org\/{rel}","templated":true}]}}